{"id":110,"date":"2024-08-05T16:29:08","date_gmt":"2024-08-05T13:29:08","guid":{"rendered":"https:\/\/www.drumithardal.com\/en\/?page_id=110"},"modified":"2026-02-19T09:45:46","modified_gmt":"2026-02-19T06:45:46","slug":"about-us","status":"publish","type":"page","link":"https:\/\/www.drumithardal.com\/en\/about-us\/","title":{"rendered":"About us"},"content":{"rendered":"<h2>Md, \u00dcmit Hardal<\/h2>\n<p>Dr. \u00dcmit Hardal saw his primary, secondary and high school education in his hometown, Sivas. Then he graduated from Uludag University Medical School. After completing his compulsory postgraduate studies at L\u00fctfi K\u0131rdar Kartal Training and Research Hospital in 2008, he served his patients at the Kozyata\u011f\u0131 Central Hospital for 2 years and at the German Hospital for 2 years. During and after his specialization, he focused on nasal, nasal functional and aesthetic surgery, revision nose surgery, nasal tip surgery and sinus surgery.<\/p>\n<p>Having participated in many national and international congresses and training programs in this field, doctor Hardal has been examinating patients in his office in Istanbul Ata\u015fehir since 2017 and he performs his operations in hospitals in which he is contracted.<\/p>\n<h3><b>Our Mission<\/b><\/h3>\n<p>Increase Turkey\u2019s health service quality of more than standard of the world.<\/p>\n<h3><b>Our Vision<\/b><\/h3>\n<p>Being the leading center for rhinoplasty in Turkey.<\/p>\n","protected":false},"excerpt":{"rendered":"<p>Md, \u00dcmit Hardal Dr. \u00dcmit Hardal saw his primary, secondary and high school education in his hometown, Sivas. Then he graduated from Uludag University Medical School. After completing his compulsory postgraduate studies at L\u00fctfi K\u0131rdar Kartal Training and Research Hospital in 2008, he served his patients at the Kozyata\u011f\u0131 Central Hospital for 2 years and [&hellip;]<\/p>\n","protected":false},"author":2,"featured_media":0,"parent":0,"menu_order":0,"comment_status":"closed","ping_status":"closed","template":"","meta":{"footnotes":""},"class_list":["post-110","page","type-page","status-publish","hentry"],"_links":{"self":[{"href":"https:\/\/www.drumithardal.com\/en\/wp-json\/wp\/v2\/pages\/110","targetHints":{"allow":["GET"]}}],"collection":[{"href":"https:\/\/www.drumithardal.com\/en\/wp-json\/wp\/v2\/pages"}],"about":[{"href":"https:\/\/www.drumithardal.com\/en\/wp-json\/wp\/v2\/types\/page"}],"author":[{"embeddable":true,"href":"https:\/\/www.drumithardal.com\/en\/wp-json\/wp\/v2\/users\/2"}],"replies":[{"embeddable":true,"href":"https:\/\/www.drumithardal.com\/en\/wp-json\/wp\/v2\/comments?post=110"}],"version-history":[{"count":3,"href":"https:\/\/www.drumithardal.com\/en\/wp-json\/wp\/v2\/pages\/110\/revisions"}],"predecessor-version":[{"id":279,"href":"https:\/\/www.drumithardal.com\/en\/wp-json\/wp\/v2\/pages\/110\/revisions\/279"}],"wp:attachment":[{"href":"https:\/\/www.drumithardal.com\/en\/wp-json\/wp\/v2\/media?parent=110"}],"curies":[{"name":"wp","href":"https:\/\/api.w.org\/{rel}","templated":true}]}}